{"id":8,"date":"2015-04-18T11:24:02","date_gmt":"2015-04-18T11:24:02","guid":{"rendered":"http:\/\/salsaperigueux.fr\/salsa\/?page_id=8"},"modified":"2019-08-15T12:15:56","modified_gmt":"2019-08-15T10:15:56","slug":"lassociation-salsadelante-perigueux","status":"publish","type":"page","link":"https:\/\/salsaperigueux.fr\/salsa\/lassociation-salsadelante-perigueux\/","title":{"rendered":"L&rsquo;association SALSADELANTE &#8211; P\u00e9rigueux"},"content":{"rendered":"<p style=\"text-align: justify;\"><strong><a href=\"https:\/\/i1.wp.com\/salsaperigueux.fr\/salsa\/wp-content\/uploads\/2015\/04\/Havana-Flag.jpg\"><img data-attachment-id=\"84\" data-permalink=\"https:\/\/salsaperigueux.fr\/salsa\/lassociation-salsadelante-perigueux\/havana-flag\/\" data-orig-file=\"https:\/\/i1.wp.com\/salsaperigueux.fr\/salsa\/wp-content\/uploads\/2015\/04\/Havana-Flag.jpg?fit=640%2C640&amp;ssl=1\" data-orig-size=\"640,640\" data-comments-opened=\"0\" data-image-meta=\"{&quot;aperture&quot;:&quot;0&quot;,&quot;credit&quot;:&quot;&quot;,&quot;camera&quot;:&quot;&quot;,&quot;caption&quot;:&quot;&quot;,&quot;created_timestamp&quot;:&quot;1359136202&quot;,&quot;copyright&quot;:&quot;&quot;,&quot;focal_length&quot;:&quot;0&quot;,&quot;iso&quot;:&quot;0&quot;,&quot;shutter_speed&quot;:&quot;0&quot;,&quot;title&quot;:&quot;&quot;,&quot;orientation&quot;:&quot;1&quot;}\" data-image-title=\"Havana-Flag\" data-image-description=\"&lt;p&gt;salsa \u00e0 p\u00e9rigueux -salsadelante salsaperigueux.fr&lt;\/p&gt;\n\" data-image-caption=\"\" data-medium-file=\"https:\/\/i1.wp.com\/salsaperigueux.fr\/salsa\/wp-content\/uploads\/2015\/04\/Havana-Flag.jpg?fit=300%2C300&amp;ssl=1\" data-large-file=\"https:\/\/i1.wp.com\/salsaperigueux.fr\/salsa\/wp-content\/uploads\/2015\/04\/Havana-Flag.jpg?fit=640%2C640&amp;ssl=1\" decoding=\"async\" loading=\"lazy\" class=\" size-medium wp-image-84 alignleft\" src=\"https:\/\/i2.wp.com\/salsaperigueux.fr\/salsa\/wp-content\/uploads\/2015\/04\/Havana-Flag-300x300.jpg?resize=300%2C300\" alt=\"Havana-Flag\" width=\"300\" height=\"300\" srcset=\"https:\/\/i1.wp.com\/salsaperigueux.fr\/salsa\/wp-content\/uploads\/2015\/04\/Havana-Flag.jpg?resize=300%2C300&amp;ssl=1 300w, https:\/\/i1.wp.com\/salsaperigueux.fr\/salsa\/wp-content\/uploads\/2015\/04\/Havana-Flag.jpg?resize=150%2C150&amp;ssl=1 150w, https:\/\/i1.wp.com\/salsaperigueux.fr\/salsa\/wp-content\/uploads\/2015\/04\/Havana-Flag.jpg?w=640&amp;ssl=1 640w\" sizes=\"(max-width: 300px) 100vw, 300px\" data-recalc-dims=\"1\" \/><\/a>L\u2019association Salsadelante est n\u00e9e de la rencontre d&rsquo;un groupe de passionn\u00e9s par la diversit\u00e9 des danses afro-carib\u00e9ennes. <\/strong><\/p>\n<p style=\"text-align: justify;\"><strong>Le but premier de l&rsquo;association est d\u2019explorer, promouvoir, populariser et enseigner les cultures cubaines, des cara\u00efbes.<\/strong><\/p>\n<p style=\"text-align: justify;\"><strong>Pour atteindre ces objectifs, l\u2019association a pour projet d\u2019organiser des cours et stages de danse, proposer des soir\u00e9es, spectacles, animations.<\/strong><\/p>\n<hr \/>\n<p style=\"text-align: justify;\"><strong>Pourquoi danser la salsa Cubaine et la bachata?<\/strong><br \/>\nCes magnifiques danses rassemblent et m\u00ealent \u00e0 la fois dynamisme, harmonie, partage, rencontre, style et sensualit\u00e9. La femme est mise en valeur et exprime, d\u00e9veloppe ou prend conscience de toute sa f\u00e9minit\u00e9 aupr\u00e8s d&rsquo;un partenaire attentif et d\u00e9licat qui allie douceur et virilit\u00e9.<\/p>\n<p style=\"text-align: justify;\"><strong>Et surtout pour le plaisir\u00a0!<\/strong><\/p>\n<p style=\"text-align: justify;\">En effet, se retrouver r\u00e9guli\u00e8rement pour danser ensemble procure un bienfait consid\u00e9rable et apporte le moyen d&rsquo;entretenir ou de nouer des contacts relationnels pr\u00e9cieux, en partageant un loisir commun. Elle participe donc \u00e0 une meilleure confiance en soi, et favorisant l&rsquo;expression et l&rsquo;ext\u00e9riorisation des \u00e9motions.<\/p>\n<p style=\"text-align: justify;\"><a href=\"https:\/\/i1.wp.com\/salsaperigueux.fr\/salsa\/wp-content\/uploads\/2015\/04\/P1000562-e1429982624290.jpg\"><img data-attachment-id=\"134\" data-permalink=\"https:\/\/salsaperigueux.fr\/salsa\/lassociation-salsadelante-perigueux\/p1000562\/\" data-orig-file=\"https:\/\/i1.wp.com\/salsaperigueux.fr\/salsa\/wp-content\/uploads\/2015\/04\/P1000562-e1429982624290.jpg?fit=3456%2C4608&amp;ssl=1\" data-orig-size=\"3456,4608\" data-comments-opened=\"0\" data-image-meta=\"{&quot;aperture&quot;:&quot;3.3&quot;,&quot;credit&quot;:&quot;&quot;,&quot;camera&quot;:&quot;DMC-TZ55&quot;,&quot;caption&quot;:&quot;&quot;,&quot;created_timestamp&quot;:&quot;1429802253&quot;,&quot;copyright&quot;:&quot;&quot;,&quot;focal_length&quot;:&quot;4.3&quot;,&quot;iso&quot;:&quot;1600&quot;,&quot;shutter_speed&quot;:&quot;0.125&quot;,&quot;title&quot;:&quot;&quot;,&quot;orientation&quot;:&quot;6&quot;}\" data-image-title=\"salsa \u00e0 p\u00e9rigueux\" data-image-description=\"&lt;p&gt;salsa \u00e0 p\u00e9rigueux&lt;\/p&gt;\n\" data-image-caption=\"\" data-medium-file=\"https:\/\/i1.wp.com\/salsaperigueux.fr\/salsa\/wp-content\/uploads\/2015\/04\/P1000562-e1429982624290.jpg?fit=225%2C300&amp;ssl=1\" data-large-file=\"https:\/\/i1.wp.com\/salsaperigueux.fr\/salsa\/wp-content\/uploads\/2015\/04\/P1000562-e1429982624290.jpg?fit=650%2C867&amp;ssl=1\" decoding=\"async\" loading=\"lazy\" class=\" size-medium wp-image-134 alignleft\" src=\"https:\/\/i0.wp.com\/salsaperigueux.fr\/salsa\/wp-content\/uploads\/2015\/04\/P1000562-e1429982624290-225x300.jpg?resize=225%2C300\" alt=\"P1000562\" width=\"225\" height=\"300\" srcset=\"https:\/\/i1.wp.com\/salsaperigueux.fr\/salsa\/wp-content\/uploads\/2015\/04\/P1000562-e1429982624290.jpg?resize=225%2C300&amp;ssl=1 225w, https:\/\/i1.wp.com\/salsaperigueux.fr\/salsa\/wp-content\/uploads\/2015\/04\/P1000562-e1429982624290.jpg?resize=768%2C1024&amp;ssl=1 768w, https:\/\/i1.wp.com\/salsaperigueux.fr\/salsa\/wp-content\/uploads\/2015\/04\/P1000562-e1429982624290.jpg?resize=650%2C867&amp;ssl=1 650w, https:\/\/i1.wp.com\/salsaperigueux.fr\/salsa\/wp-content\/uploads\/2015\/04\/P1000562-e1429982624290.jpg?resize=300%2C400&amp;ssl=1 300w, https:\/\/i1.wp.com\/salsaperigueux.fr\/salsa\/wp-content\/uploads\/2015\/04\/P1000562-e1429982624290.jpg?w=1300&amp;ssl=1 1300w, https:\/\/i1.wp.com\/salsaperigueux.fr\/salsa\/wp-content\/uploads\/2015\/04\/P1000562-e1429982624290.jpg?w=1950&amp;ssl=1 1950w\" sizes=\"(max-width: 225px) 100vw, 225px\" data-recalc-dims=\"1\" \/><\/a><\/p>\n<p style=\"text-align: justify;\">C\u2019est aussi une activit\u00e9 physique r\u00e9elle, qui aide \u00e0 se maintenir en forme et entretient la sant\u00e9 globale. Au mouvement, elle associe le rythme, qui permet de maintenir une certaine vigilance, excellente pour l&rsquo;\u00e9veil intellectuel. Elle aide \u00e0 garder de la souplesse et donne la possibilit\u00e9 de d\u00e9velopper sa coordination. Elle entra\u00eene \u00e9galement un travail sur la m\u00e9moire : m\u00e9moriser des pas n&rsquo;est pas toujours une mince affaire !<\/p>\n<p style=\"text-align: justify;\"><strong>En g\u00e9n\u00e9ral nos actions ont pour objectif de\u00a0:<\/strong><\/p>\n<ul style=\"text-align: justify;\">\n<li><strong> Valoriser la diversit\u00e9 culturelle au sein d\u2019une m\u00eame humanit\u00e9 dans le respect de nos diff\u00e9rences ; <\/strong><\/li>\n<li><strong>Encourager le d\u00e9sir d\u2019aller \u00e0 la d\u00e9couverte du monde, de s\u2019ouvrir aux autres et, ce faisant, \u00e0 soi-m\u00eame.<\/strong><br \/>\n<strong>Les danses afro-carib\u00e9ennes sont un reflet de notre diversit\u00e9 culturelle et de notre m\u00e9tissage, port\u00e9s par ces sons et rythmes latinos.<\/strong><\/li>\n<\/ul>\n<p style=\"text-align: justify;\"><span style=\"font-size: 20px;\"><strong>La danse est un voyage, embarquement imm\u00e9diat\u00a0!<a href=\"http:\/\/salsaperigueux.fr\" target=\"_blank\" rel=\"noopener\"><img data-attachment-id=\"214\" data-permalink=\"https:\/\/salsaperigueux.fr\/salsa\/salsadelante\/titresalsa2-2\/\" data-orig-file=\"https:\/\/i0.wp.com\/salsaperigueux.fr\/salsa\/wp-content\/uploads\/2015\/04\/titresalsa2.png?fit=988%2C122&amp;ssl=1\" data-orig-size=\"988,122\" data-comments-opened=\"0\" data-image-meta=\"{&quot;aperture&quot;:&quot;0&quot;,&quot;credit&quot;:&quot;&quot;,&quot;camera&quot;:&quot;&quot;,&quot;caption&quot;:&quot;&quot;,&quot;created_timestamp&quot;:&quot;0&quot;,&quot;copyright&quot;:&quot;&quot;,&quot;focal_length&quot;:&quot;0&quot;,&quot;iso&quot;:&quot;0&quot;,&quot;shutter_speed&quot;:&quot;0&quot;,&quot;title&quot;:&quot;&quot;,&quot;orientation&quot;:&quot;0&quot;}\" data-image-title=\"Salsadelante\" data-image-description=\"&lt;p&gt;la Salsa \u00e0 P\u00e9rigueux&lt;\/p&gt;\n\" data-image-caption=\"\" data-medium-file=\"https:\/\/i0.wp.com\/salsaperigueux.fr\/salsa\/wp-content\/uploads\/2015\/04\/titresalsa2.png?fit=300%2C37&amp;ssl=1\" data-large-file=\"https:\/\/i0.wp.com\/salsaperigueux.fr\/salsa\/wp-content\/uploads\/2015\/04\/titresalsa2.png?fit=650%2C80&amp;ssl=1\" decoding=\"async\" loading=\"lazy\" class=\"aligncenter wp-image-214 size-medium\" title=\"salsa perigueux\" src=\"https:\/\/i1.wp.com\/salsaperigueux.fr\/salsa\/wp-content\/uploads\/2015\/04\/titresalsa2-300x37.png?resize=300%2C37\" alt=\"salsa\" width=\"300\" height=\"37\" srcset=\"https:\/\/i0.wp.com\/salsaperigueux.fr\/salsa\/wp-content\/uploads\/2015\/04\/titresalsa2.png?resize=300%2C37&amp;ssl=1 300w, https:\/\/i0.wp.com\/salsaperigueux.fr\/salsa\/wp-content\/uploads\/2015\/04\/titresalsa2.png?resize=650%2C80&amp;ssl=1 650w, https:\/\/i0.wp.com\/salsaperigueux.fr\/salsa\/wp-content\/uploads\/2015\/04\/titresalsa2.png?resize=900%2C111&amp;ssl=1 900w, https:\/\/i0.wp.com\/salsaperigueux.fr\/salsa\/wp-content\/uploads\/2015\/04\/titresalsa2.png?w=988&amp;ssl=1 988w\" sizes=\"(max-width: 300px) 100vw, 300px\" data-recalc-dims=\"1\" \/><\/a><\/strong><\/span><\/p>\n<div style=\"width: 650px;\" class=\"wp-video\"><!--[if lt IE 9]><script>document.createElement('video');<\/script><![endif]-->\n<video class=\"wp-video-shortcode\" id=\"video-8-1\" width=\"650\" height=\"366\" preload=\"metadata\" controls=\"controls\"><source type=\"video\/mp4\" src=\"http:\/\/salsaperigueux.fr\/salsa\/wp-content\/uploads\/2019\/08\/essai-vid-salsadel-3-.mp4?_=1\" \/><a href=\"http:\/\/salsaperigueux.fr\/salsa\/wp-content\/uploads\/2019\/08\/essai-vid-salsadel-3-.mp4\">http:\/\/salsaperigueux.fr\/salsa\/wp-content\/uploads\/2019\/08\/essai-vid-salsadel-3-.mp4<\/a><\/video><\/div>\n<p><a href=\"http:\/\/www.dailymotion.com\/video\/x2qgr0b_salsa-perigueux_music\" target=\"_blank\" rel=\"noopener\">La Salsa \u00e0 P\u00e9rigueux<\/a> <i><\/i> <script async src=\"\/\/pagead2.googlesyndication.com\/pagead\/js\/adsbygoogle.js\"><\/script>\r\n<ins class=\"adsbygoogle\"\r\n     style=\"display:block; text-align:center;\"\r\n     data-ad-format=\"fluid\"\r\n     data-ad-layout=\"in-article\"\r\n     data-ad-client=\"ca-pub-2157879315290177\"\r\n     data-ad-slot=\"8776291267\"><\/ins>\r\n<script>\r\n     (adsbygoogle = window.adsbygoogle || []).push({});\r\n<\/script><\/p>\n<div style='text-align:left' class='yasr-auto-insert-visitor'><!--Yasr Visitor Votes Shortcode--><div id='yasr_visitor_votes_d49469acc613b' class='yasr-visitor-votes'><div id='yasr-vv-second-row-container-d49469acc613b'\n                                        class='yasr-vv-second-row-container'><div id='yasr-visitor-votes-rater-d49469acc613b'\n                                      class='yasr-rater-stars-vv'\n                                      data-rater-postid='8'\n                                      data-rating='4.3'\n                                      data-rater-starsize='16'\n                                      data-rater-readonly='false'\n                                      data-rater-nonce='7ecee5a484'\n                                      data-issingular='false'\n                                    ><\/div><div class=\"yasr-vv-stats-text-container\" id=\"yasr-vv-stats-text-container-d49469acc613b\"><span id=\"yasr-vv-text-container-d49469acc613b\" class=\"yasr-vv-text-container\"> <span id=\"yasr-vv-votes-number-container-d49469acc613b\">14<\/span> votes<\/span><\/div><div id='yasr-vv-loader-d49469acc613b' class='yasr-vv-container-loader'><\/div><\/div><div id='yasr-vv-bottom-container-d49469acc613b'\n                              class='yasr-vv-bottom-container'\n                              style='display:none'><\/div><\/div><!--End Yasr Visitor Votes Shortcode--><\/div>","protected":false},"excerpt":{"rendered":"<p>L\u2019association Salsadelante est n\u00e9e de la rencontre d&rsquo;un groupe de passionn\u00e9s par la diversit\u00e9 des danses afro-carib\u00e9ennes. Le but premier de l&rsquo;association est d\u2019explorer, promouvoir, populariser et enseigner les cultures <a class=\"more-link\" href=\"https:\/\/salsaperigueux.fr\/salsa\/lassociation-salsadelante-perigueux\/\">[ . . . ]<\/a><\/p>\n","protected":false},"author":1,"featured_media":0,"parent":0,"menu_order":0,"comment_status":"closed","ping_status":"closed","template":"","meta":{"yasr_overall_rating":0,"yasr_post_is_review":"","yasr_auto_insert_disabled":"","yasr_review_type":"Product","spay_email":"","footnotes":""},"yoast_head":"<!-- This site is optimized with the Yoast SEO plugin v17.3 - https:\/\/yoast.com\/wordpress\/plugins\/seo\/ -->\n<title>SALSADELANTE - L&#039;association SALSA de P\u00e9rigueux<\/title>\n<meta name=\"description\" content=\"L\u2019association Salsadelante de P\u00e9rigueux est n\u00e9e de la rencontre de passionn\u00e9s. Le but de l&#039;association est de promouvoir, de populariser la Salsa et la Bachata...\" \/>\n<meta name=\"robots\" content=\"index, follow, max-snippet:-1, max-image-preview:large, max-video-preview:-1\" \/>\n<link rel=\"canonical\" href=\"http:\/\/salsaperigueux.fr\/salsa\/lassociation-salsadelante-perigueux\/\" \/>\n<meta property=\"og:locale\" content=\"fr_FR\" \/>\n<meta property=\"og:type\" content=\"article\" \/>\n<meta property=\"og:title\" content=\"SALSADELANTE - L&#039;association SALSA de P\u00e9rigueux\" \/>\n<meta property=\"og:description\" content=\"L\u2019association Salsadelante de P\u00e9rigueux est n\u00e9e de la rencontre de passionn\u00e9s. Le but de l&#039;association est de promouvoir, de populariser la Salsa et la Bachata...\" \/>\n<meta property=\"og:url\" content=\"http:\/\/salsaperigueux.fr\/salsa\/lassociation-salsadelante-perigueux\/\" \/>\n<meta property=\"og:site_name\" content=\"SALSADELANTE\" \/>\n<meta property=\"article:modified_time\" content=\"2019-08-15T10:15:56+00:00\" \/>\n<meta property=\"og:image\" content=\"http:\/\/salsaperigueux.fr\/salsa\/wp-content\/uploads\/2015\/04\/Havana-Flag-300x300.jpg\" \/>\n<meta name=\"twitter:label1\" content=\"Dur\u00e9e de lecture estim\u00e9e\" \/>\n\t<meta name=\"twitter:data1\" content=\"2 minutes\" \/>\n<script type=\"application\/ld+json\" class=\"yoast-schema-graph\">{\"@context\":\"https:\/\/schema.org\",\"@graph\":[{\"@type\":\"Organization\",\"@id\":\"https:\/\/salsaperigueux.fr\/salsa\/#organization\",\"name\":\"SALSADELANTE - L'association SALSA de P\\u00e9rigueux\",\"url\":\"https:\/\/salsaperigueux.fr\/salsa\/\",\"sameAs\":[],\"logo\":{\"@type\":\"ImageObject\",\"@id\":\"https:\/\/salsaperigueux.fr\/salsa\/#logo\",\"inLanguage\":\"fr-FR\",\"url\":\"https:\/\/i0.wp.com\/salsaperigueux.fr\/salsa\/wp-content\/uploads\/2015\/04\/fon-55356573v1_site_icon.png?fit=512%2C512&ssl=1\",\"contentUrl\":\"https:\/\/i0.wp.com\/salsaperigueux.fr\/salsa\/wp-content\/uploads\/2015\/04\/fon-55356573v1_site_icon.png?fit=512%2C512&ssl=1\",\"width\":512,\"height\":512,\"caption\":\"SALSADELANTE - L'association SALSA de P\\u00e9rigueux\"},\"image\":{\"@id\":\"https:\/\/salsaperigueux.fr\/salsa\/#logo\"}},{\"@type\":\"WebSite\",\"@id\":\"https:\/\/salsaperigueux.fr\/salsa\/#website\",\"url\":\"https:\/\/salsaperigueux.fr\/salsa\/\",\"name\":\"SALSADELANTE\",\"description\":\"Cours de Salsa Cubaine \\u00e0 P\\u00e9rigueux - Site officiel de l&#039;association Salsadelante\",\"publisher\":{\"@id\":\"https:\/\/salsaperigueux.fr\/salsa\/#organization\"},\"potentialAction\":[{\"@type\":\"SearchAction\",\"target\":{\"@type\":\"EntryPoint\",\"urlTemplate\":\"https:\/\/salsaperigueux.fr\/salsa\/?s={search_term_string}\"},\"query-input\":\"required name=search_term_string\"}],\"inLanguage\":\"fr-FR\"},{\"@type\":\"ImageObject\",\"@id\":\"http:\/\/salsaperigueux.fr\/salsa\/lassociation-salsadelante-perigueux\/#primaryimage\",\"inLanguage\":\"fr-FR\",\"url\":\"http:\/\/salsaperigueux.fr\/salsa\/wp-content\/uploads\/2015\/04\/Havana-Flag-300x300.jpg\",\"contentUrl\":\"http:\/\/salsaperigueux.fr\/salsa\/wp-content\/uploads\/2015\/04\/Havana-Flag-300x300.jpg\"},{\"@type\":\"WebPage\",\"@id\":\"http:\/\/salsaperigueux.fr\/salsa\/lassociation-salsadelante-perigueux\/#webpage\",\"url\":\"http:\/\/salsaperigueux.fr\/salsa\/lassociation-salsadelante-perigueux\/\",\"name\":\"SALSADELANTE - L'association SALSA de P\\u00e9rigueux\",\"isPartOf\":{\"@id\":\"https:\/\/salsaperigueux.fr\/salsa\/#website\"},\"primaryImageOfPage\":{\"@id\":\"http:\/\/salsaperigueux.fr\/salsa\/lassociation-salsadelante-perigueux\/#primaryimage\"},\"datePublished\":\"2015-04-18T11:24:02+00:00\",\"dateModified\":\"2019-08-15T10:15:56+00:00\",\"description\":\"L\\u2019association Salsadelante de P\\u00e9rigueux est n\\u00e9e de la rencontre de passionn\\u00e9s. Le but de l'association est de promouvoir, de populariser la Salsa et la Bachata...\",\"breadcrumb\":{\"@id\":\"http:\/\/salsaperigueux.fr\/salsa\/lassociation-salsadelante-perigueux\/#breadcrumb\"},\"inLanguage\":\"fr-FR\",\"potentialAction\":[{\"@type\":\"ReadAction\",\"target\":[\"http:\/\/salsaperigueux.fr\/salsa\/lassociation-salsadelante-perigueux\/\"]}]},{\"@type\":\"BreadcrumbList\",\"@id\":\"http:\/\/salsaperigueux.fr\/salsa\/lassociation-salsadelante-perigueux\/#breadcrumb\",\"itemListElement\":[{\"@type\":\"ListItem\",\"position\":1,\"name\":\"Accueil\",\"item\":\"https:\/\/salsaperigueux.fr\/salsa\/\"},{\"@type\":\"ListItem\",\"position\":2,\"name\":\"L&rsquo;association SALSADELANTE &#8211; P\\u00e9rigueux\"}]}]}<\/script>\n<!-- \/ Yoast SEO plugin. -->","yoast_head_json":{"title":"SALSADELANTE - L'association SALSA de P\u00e9rigueux","description":"L\u2019association Salsadelante de P\u00e9rigueux est n\u00e9e de la rencontre de passionn\u00e9s. Le but de l'association est de promouvoir, de populariser la Salsa et la Bachata...","robots":{"index":"index","follow":"follow","max-snippet":"max-snippet:-1","max-image-preview":"max-image-preview:large","max-video-preview":"max-video-preview:-1"},"canonical":"http:\/\/salsaperigueux.fr\/salsa\/lassociation-salsadelante-perigueux\/","og_locale":"fr_FR","og_type":"article","og_title":"SALSADELANTE - L'association SALSA de P\u00e9rigueux","og_description":"L\u2019association Salsadelante de P\u00e9rigueux est n\u00e9e de la rencontre de passionn\u00e9s. Le but de l'association est de promouvoir, de populariser la Salsa et la Bachata...","og_url":"http:\/\/salsaperigueux.fr\/salsa\/lassociation-salsadelante-perigueux\/","og_site_name":"SALSADELANTE","article_modified_time":"2019-08-15T10:15:56+00:00","og_image":[{"url":"http:\/\/salsaperigueux.fr\/salsa\/wp-content\/uploads\/2015\/04\/Havana-Flag-300x300.jpg"}],"twitter_misc":{"Dur\u00e9e de lecture estim\u00e9e":"2 minutes"},"schema":{"@context":"https:\/\/schema.org","@graph":[{"@type":"Organization","@id":"https:\/\/salsaperigueux.fr\/salsa\/#organization","name":"SALSADELANTE - L'association SALSA de P\u00e9rigueux","url":"https:\/\/salsaperigueux.fr\/salsa\/","sameAs":[],"logo":{"@type":"ImageObject","@id":"https:\/\/salsaperigueux.fr\/salsa\/#logo","inLanguage":"fr-FR","url":"https:\/\/i0.wp.com\/salsaperigueux.fr\/salsa\/wp-content\/uploads\/2015\/04\/fon-55356573v1_site_icon.png?fit=512%2C512&ssl=1","contentUrl":"https:\/\/i0.wp.com\/salsaperigueux.fr\/salsa\/wp-content\/uploads\/2015\/04\/fon-55356573v1_site_icon.png?fit=512%2C512&ssl=1","width":512,"height":512,"caption":"SALSADELANTE - L'association SALSA de P\u00e9rigueux"},"image":{"@id":"https:\/\/salsaperigueux.fr\/salsa\/#logo"}},{"@type":"WebSite","@id":"https:\/\/salsaperigueux.fr\/salsa\/#website","url":"https:\/\/salsaperigueux.fr\/salsa\/","name":"SALSADELANTE","description":"Cours de Salsa Cubaine \u00e0 P\u00e9rigueux - Site officiel de l&#039;association Salsadelante","publisher":{"@id":"https:\/\/salsaperigueux.fr\/salsa\/#organization"},"potentialAction":[{"@type":"SearchAction","target":{"@type":"EntryPoint","urlTemplate":"https:\/\/salsaperigueux.fr\/salsa\/?s={search_term_string}"},"query-input":"required name=search_term_string"}],"inLanguage":"fr-FR"},{"@type":"ImageObject","@id":"http:\/\/salsaperigueux.fr\/salsa\/lassociation-salsadelante-perigueux\/#primaryimage","inLanguage":"fr-FR","url":"http:\/\/salsaperigueux.fr\/salsa\/wp-content\/uploads\/2015\/04\/Havana-Flag-300x300.jpg","contentUrl":"http:\/\/salsaperigueux.fr\/salsa\/wp-content\/uploads\/2015\/04\/Havana-Flag-300x300.jpg"},{"@type":"WebPage","@id":"http:\/\/salsaperigueux.fr\/salsa\/lassociation-salsadelante-perigueux\/#webpage","url":"http:\/\/salsaperigueux.fr\/salsa\/lassociation-salsadelante-perigueux\/","name":"SALSADELANTE - L'association SALSA de P\u00e9rigueux","isPartOf":{"@id":"https:\/\/salsaperigueux.fr\/salsa\/#website"},"primaryImageOfPage":{"@id":"http:\/\/salsaperigueux.fr\/salsa\/lassociation-salsadelante-perigueux\/#primaryimage"},"datePublished":"2015-04-18T11:24:02+00:00","dateModified":"2019-08-15T10:15:56+00:00","description":"L\u2019association Salsadelante de P\u00e9rigueux est n\u00e9e de la rencontre de passionn\u00e9s. Le but de l'association est de promouvoir, de populariser la Salsa et la Bachata...","breadcrumb":{"@id":"http:\/\/salsaperigueux.fr\/salsa\/lassociation-salsadelante-perigueux\/#breadcrumb"},"inLanguage":"fr-FR","potentialAction":[{"@type":"ReadAction","target":["http:\/\/salsaperigueux.fr\/salsa\/lassociation-salsadelante-perigueux\/"]}]},{"@type":"BreadcrumbList","@id":"http:\/\/salsaperigueux.fr\/salsa\/lassociation-salsadelante-perigueux\/#breadcrumb","itemListElement":[{"@type":"ListItem","position":1,"name":"Accueil","item":"https:\/\/salsaperigueux.fr\/salsa\/"},{"@type":"ListItem","position":2,"name":"L&rsquo;association SALSADELANTE &#8211; P\u00e9rigueux"}]}]}},"yasr_visitor_votes":{"stars_attributes":{"read_only":false,"span_bottom":false},"number_of_votes":14,"sum_votes":60},"jetpack_shortlink":"https:\/\/wp.me\/P6423d-8","jetpack-related-posts":[{"id":6,"url":"https:\/\/salsaperigueux.fr\/salsa\/accueil-salsa\/","url_meta":{"origin":8,"position":0},"title":"Accueil Salsa","date":"18 avril 2015","format":false,"excerpt":"La tourn\u00e9e de Mixael Cabrera fait escale \u00e0 P\u00e9rigueux ! \u00c0 l\u2019occasion des 15 ans de l\u2019association SalsaDelante, nous avons le plaisir d\u2019accueillir le chanteur cubain Mixael Cabrera pour une soir\u00e9e exceptionnelle. \u2728 Concert live suivi d\u2019une grande soir\u00e9e dansante pour prolonger la f\u00eate et partager ensemble toute l\u2019\u00e9nergie de\u2026","rel":"","context":"Article similaire","img":{"alt_text":"","src":"https:\/\/i2.wp.com\/salsaperigueux.fr\/salsa\/wp-content\/uploads\/2026\/03\/Concert-27-03-2026-Perigueux-212x300.jpg?resize=350%2C200&ssl=1","width":350,"height":200},"classes":[]},{"id":94,"url":"https:\/\/salsaperigueux.fr\/salsa\/","url_meta":{"origin":8,"position":1},"title":"Salsa","date":"19 avril 2015","format":false,"excerpt":"La tourn\u00e9e de Mixael Cabrera fait escale \u00e0 P\u00e9rigueux ! \u00c0 l\u2019occasion des 15 ans de l\u2019association SalsaDelante, nous avons le plaisir d\u2019accueillir le chanteur cubain Mixael Cabrera pour une soir\u00e9e exceptionnelle. \u2728 Concert live suivi d\u2019une grande soir\u00e9e dansante pour prolonger la f\u00eate et partager ensemble toute l\u2019\u00e9nergie de\u2026","rel":"","context":"Article similaire","img":{"alt_text":"","src":"https:\/\/i2.wp.com\/salsaperigueux.fr\/salsa\/wp-content\/uploads\/2026\/03\/Concert-27-03-2026-Perigueux-212x300.jpg?resize=350%2C200&ssl=1","width":350,"height":200},"classes":[]},{"id":2,"url":"https:\/\/salsaperigueux.fr\/salsa\/cours-salsa-cubaine-a-perigueux\/","url_meta":{"origin":8,"position":2},"title":"Cours de Salsa Cubaine","date":"18 avril 2015","format":false,"excerpt":"Cours de Salsa Cubaine Le but est de se sentir \u00e0 l'aise pour pratiquer en soir\u00e9e, en\u00a0maitrisant les pas de base (pas Salsa, pas Rumba, pas Tumbao), car il est important de se faire rapidement plaisir, les cours sont structur\u00e9s par un programme con\u00e7u pour apprendre les d\u00e9placements (fille et\u2026","rel":"","context":"Article similaire","img":{"alt_text":"","src":"https:\/\/i2.wp.com\/salsaperigueux.fr\/salsa\/wp-content\/uploads\/2015\/04\/P1000552-300x225.jpg?resize=350%2C200","width":350,"height":200},"classes":[]},{"id":46,"url":"https:\/\/salsaperigueux.fr\/salsa\/les-stages\/","url_meta":{"origin":8,"position":3},"title":"Les stages","date":"19 avril 2015","format":false,"excerpt":"Salsadelante propose r\u00e9guli\u00e8rement des stages. Encadr\u00e9 par des professeurs de l\u2019association et de l\u2019ext\u00e9rieur. Au programme\u00a0: Salsa cubaine, Bachata, Afro cubain, son\u2026 Ces stages viennent accompagner les cours r\u00e9guliers et vous permettent d\u2019affiner votre technique. Ils permettent de vous faire avancer, de vous perfectionner dans votre apprentissage et d\u00e9velopper votre\u2026","rel":"","context":"Article similaire","img":{"alt_text":"","src":"https:\/\/i0.wp.com\/salsaperigueux.fr\/salsa\/wp-content\/uploads\/2018\/06\/cuba-nostra-17-213x300.jpg?resize=350%2C200","width":350,"height":200},"classes":[]},{"id":999,"url":"https:\/\/salsaperigueux.fr\/salsa\/affiches-salsa\/","url_meta":{"origin":8,"position":4},"title":"Affiches","date":"19 f\u00e9vrier 2019","format":false,"excerpt":"","rel":"","context":"Article similaire","img":{"alt_text":"","src":"https:\/\/i1.wp.com\/salsaperigueux.fr\/salsa\/wp-content\/uploads\/2020\/08\/PUB-SALSA-PERIGUEUX-2020.jpg?resize=350%2C200","width":350,"height":200},"classes":[]},{"id":10,"url":"https:\/\/salsaperigueux.fr\/salsa\/contact-salsa-de-perigueux\/","url_meta":{"origin":8,"position":5},"title":"Contact","date":"18 avril 2015","format":false,"excerpt":"Pour contacter notre association Salsa: Association SALSADELANTE - Tel :\u00a007 77 45 11 86 - Mail : salsadelante@hotmail.fr \u00a0 Pour contacter l'association Salsa de P\u00e9rigueux, vous pouvez \u00e9galement utiliser ce formulaire en ligne: http:\/\/www.salsaperigueux.fr Enregistrer Enregistrer","rel":"","context":"Article similaire","img":{"alt_text":"","src":"","width":0,"height":0},"classes":[]}],"_links":{"self":[{"href":"https:\/\/salsaperigueux.fr\/salsa\/wp-json\/wp\/v2\/pages\/8"}],"collection":[{"href":"https:\/\/salsaperigueux.fr\/salsa\/wp-json\/wp\/v2\/pages"}],"about":[{"href":"https:\/\/salsaperigueux.fr\/salsa\/wp-json\/wp\/v2\/types\/page"}],"author":[{"embeddable":true,"href":"https:\/\/salsaperigueux.fr\/salsa\/wp-json\/wp\/v2\/users\/1"}],"replies":[{"embeddable":true,"href":"https:\/\/salsaperigueux.fr\/salsa\/wp-json\/wp\/v2\/comments?post=8"}],"version-history":[{"count":0,"href":"https:\/\/salsaperigueux.fr\/salsa\/wp-json\/wp\/v2\/pages\/8\/revisions"}],"wp:attachment":[{"href":"https:\/\/salsaperigueux.fr\/salsa\/wp-json\/wp\/v2\/media?parent=8"}],"curies":[{"name":"wp","href":"https:\/\/api.w.org\/{rel}","templated":true}]}}