{"id":13,"date":"2015-04-18T11:35:11","date_gmt":"2015-04-18T11:35:11","guid":{"rendered":"http:\/\/salsaperigueux.fr\/salsa\/?page_id=13"},"modified":"2016-07-03T16:25:27","modified_gmt":"2016-07-03T16:25:27","slug":"bachata-sensual","status":"publish","type":"page","link":"https:\/\/salsaperigueux.fr\/salsa\/bachata-sensual\/","title":{"rendered":"La Bachata"},"content":{"rendered":"<p><strong><a href=\"https:\/\/i1.wp.com\/salsaperigueux.fr\/salsa\/wp-content\/uploads\/2015\/04\/bachata.jpg\"><img data-attachment-id=\"108\" data-permalink=\"https:\/\/salsaperigueux.fr\/salsa\/bachata-sensual\/bachata\/\" data-orig-file=\"https:\/\/i1.wp.com\/salsaperigueux.fr\/salsa\/wp-content\/uploads\/2015\/04\/bachata.jpg?fit=848%2C1200&amp;ssl=1\" data-orig-size=\"848,1200\" data-comments-opened=\"0\" data-image-meta=\"{&quot;aperture&quot;:&quot;0&quot;,&quot;credit&quot;:&quot;&quot;,&quot;camera&quot;:&quot;&quot;,&quot;caption&quot;:&quot;&quot;,&quot;created_timestamp&quot;:&quot;0&quot;,&quot;copyright&quot;:&quot;&quot;,&quot;focal_length&quot;:&quot;0&quot;,&quot;iso&quot;:&quot;0&quot;,&quot;shutter_speed&quot;:&quot;0&quot;,&quot;title&quot;:&quot;&quot;,&quot;orientation&quot;:&quot;0&quot;}\" data-image-title=\"bachata\" data-image-description=\"&lt;p&gt;salsa \u00e0 p\u00e9rigueux -salsadelante salsaperigueux.fr&lt;\/p&gt;\n\" data-image-caption=\"\" data-medium-file=\"https:\/\/i1.wp.com\/salsaperigueux.fr\/salsa\/wp-content\/uploads\/2015\/04\/bachata.jpg?fit=212%2C300&amp;ssl=1\" data-large-file=\"https:\/\/i1.wp.com\/salsaperigueux.fr\/salsa\/wp-content\/uploads\/2015\/04\/bachata.jpg?fit=650%2C919&amp;ssl=1\" decoding=\"async\" loading=\"lazy\" class=\" size-medium wp-image-108 alignleft\" src=\"https:\/\/i1.wp.com\/salsaperigueux.fr\/salsa\/wp-content\/uploads\/2015\/04\/bachata-212x300.jpg?resize=212%2C300\" alt=\"bachata\" width=\"212\" height=\"300\" srcset=\"https:\/\/i1.wp.com\/salsaperigueux.fr\/salsa\/wp-content\/uploads\/2015\/04\/bachata.jpg?resize=212%2C300&amp;ssl=1 212w, https:\/\/i1.wp.com\/salsaperigueux.fr\/salsa\/wp-content\/uploads\/2015\/04\/bachata.jpg?resize=724%2C1024&amp;ssl=1 724w, https:\/\/i1.wp.com\/salsaperigueux.fr\/salsa\/wp-content\/uploads\/2015\/04\/bachata.jpg?resize=650%2C920&amp;ssl=1 650w, https:\/\/i1.wp.com\/salsaperigueux.fr\/salsa\/wp-content\/uploads\/2015\/04\/bachata.jpg?resize=300%2C425&amp;ssl=1 300w, https:\/\/i1.wp.com\/salsaperigueux.fr\/salsa\/wp-content\/uploads\/2015\/04\/bachata.jpg?w=848&amp;ssl=1 848w\" sizes=\"(max-width: 212px) 100vw, 212px\" data-recalc-dims=\"1\" \/><\/a>Stage et Lady styling<\/strong><\/p>\n<p><strong>Infos \u00e0 venir&#8230;<\/strong><\/p>\n<hr \/>\n<p>&nbsp;<\/p>\n<p style=\"text-align: justify;\">Bachata est un mot d\u2019origine africaine qui a le sens de \u00abf\u00eate populaire\u00bb. On le retrouve avec ce m\u00eame sens \u00e0 Cuba d\u00e8s les ann\u00e9es 1920. Mais c\u2019est au d\u00e9but des ann\u00e9es 1960, en R\u00e9publicaine dominicaine, que certains situent la v\u00e9ritable naissance de la bachata. C\u2019est alors une musique romantique que certains latinos qualifient de \u00abpara beber\u00bb, pour boire en \u00e9coutant les paroles, et non \u00abpapa bailar\u00bb, pour danser et faire la f\u00eate. Comme beaucoup de chansons latinos-am\u00e9ricaines, la bachata a un c\u00f4t\u00e9 nostalgique qui \u00e9voque la mis\u00e8re des classes opprim\u00e9es par la dictature.<\/p>\n<p style=\"text-align: justify;\"><a href=\"https:\/\/i0.wp.com\/salsaperigueux.fr\/salsa\/wp-content\/uploads\/2015\/04\/titresalsa2.png\"><img data-attachment-id=\"214\" data-permalink=\"https:\/\/salsaperigueux.fr\/salsa\/salsadelante\/titresalsa2-2\/\" data-orig-file=\"https:\/\/i0.wp.com\/salsaperigueux.fr\/salsa\/wp-content\/uploads\/2015\/04\/titresalsa2.png?fit=988%2C122&amp;ssl=1\" data-orig-size=\"988,122\" data-comments-opened=\"0\" data-image-meta=\"{&quot;aperture&quot;:&quot;0&quot;,&quot;credit&quot;:&quot;&quot;,&quot;camera&quot;:&quot;&quot;,&quot;caption&quot;:&quot;&quot;,&quot;created_timestamp&quot;:&quot;0&quot;,&quot;copyright&quot;:&quot;&quot;,&quot;focal_length&quot;:&quot;0&quot;,&quot;iso&quot;:&quot;0&quot;,&quot;shutter_speed&quot;:&quot;0&quot;,&quot;title&quot;:&quot;&quot;,&quot;orientation&quot;:&quot;0&quot;}\" data-image-title=\"Salsadelante\" data-image-description=\"&lt;p&gt;la Salsa \u00e0 P\u00e9rigueux&lt;\/p&gt;\n\" data-image-caption=\"\" data-medium-file=\"https:\/\/i0.wp.com\/salsaperigueux.fr\/salsa\/wp-content\/uploads\/2015\/04\/titresalsa2.png?fit=300%2C37&amp;ssl=1\" data-large-file=\"https:\/\/i0.wp.com\/salsaperigueux.fr\/salsa\/wp-content\/uploads\/2015\/04\/titresalsa2.png?fit=650%2C80&amp;ssl=1\" decoding=\"async\" loading=\"lazy\" class=\"aligncenter wp-image-214 size-medium\" title=\"la salsa \u00e0 p\u00e9rigueux\" src=\"https:\/\/i1.wp.com\/salsaperigueux.fr\/salsa\/wp-content\/uploads\/2015\/04\/titresalsa2-300x37.png?resize=300%2C37\" alt=\"salsa-perigueux\" width=\"300\" height=\"37\" srcset=\"https:\/\/i0.wp.com\/salsaperigueux.fr\/salsa\/wp-content\/uploads\/2015\/04\/titresalsa2.png?resize=300%2C37&amp;ssl=1 300w, https:\/\/i0.wp.com\/salsaperigueux.fr\/salsa\/wp-content\/uploads\/2015\/04\/titresalsa2.png?resize=650%2C80&amp;ssl=1 650w, https:\/\/i0.wp.com\/salsaperigueux.fr\/salsa\/wp-content\/uploads\/2015\/04\/titresalsa2.png?resize=900%2C111&amp;ssl=1 900w, https:\/\/i0.wp.com\/salsaperigueux.fr\/salsa\/wp-content\/uploads\/2015\/04\/titresalsa2.png?w=988&amp;ssl=1 988w\" sizes=\"(max-width: 300px) 100vw, 300px\" data-recalc-dims=\"1\" \/><\/a>La bachata est un encha\u00eenement de pas simples. Par exemple, un pas chass\u00e9 dans une direction, le deuxi\u00e8me pied ramen\u00e9 ensuite \u00e0 c\u00f4t\u00e9 du premier. Trois pas sont suivis d\u2019un quatri\u00e8me, d\u00e9hanch\u00e9 en contre-point. Le tout est ex\u00e9cut\u00e9 de c\u00f4t\u00e9 puis d\u2019avant en arri\u00e8re, ce qui imprime au corps un mouvement tr\u00e8s sensuel de balancement et de d\u00e9hanchement.<\/p>\n<p><iframe loading=\"lazy\" src=\"https:\/\/www.youtube.com\/embed\/CHezCe4Y-GE?rel=0\" width=\"560\" height=\"315\" frameborder=\"0\" allowfullscreen=\"allowfullscreen\"><\/iframe><br \/>\n <script async src=\"\/\/pagead2.googlesyndication.com\/pagead\/js\/adsbygoogle.js\"><\/script>\r\n<ins class=\"adsbygoogle\"\r\n     style=\"display:block; text-align:center;\"\r\n     data-ad-format=\"fluid\"\r\n     data-ad-layout=\"in-article\"\r\n     data-ad-client=\"ca-pub-2157879315290177\"\r\n     data-ad-slot=\"8776291267\"><\/ins>\r\n<script>\r\n     (adsbygoogle = window.adsbygoogle || []).push({});\r\n<\/script><\/p>\n<div style='text-align:left' class='yasr-auto-insert-visitor'><!--Yasr Visitor Votes Shortcode--><div id='yasr_visitor_votes_63cd53acda994' class='yasr-visitor-votes'><div id='yasr-vv-second-row-container-63cd53acda994'\n                                        class='yasr-vv-second-row-container'><div id='yasr-visitor-votes-rater-63cd53acda994'\n                                      class='yasr-rater-stars-vv'\n                                      data-rater-postid='13'\n                                      data-rating='4.8'\n                                      data-rater-starsize='16'\n                                      data-rater-readonly='false'\n                                      data-rater-nonce='7ecee5a484'\n                                      data-issingular='false'\n                                    ><\/div><div class=\"yasr-vv-stats-text-container\" id=\"yasr-vv-stats-text-container-63cd53acda994\"><span id=\"yasr-vv-text-container-63cd53acda994\" class=\"yasr-vv-text-container\"> <span id=\"yasr-vv-votes-number-container-63cd53acda994\">12<\/span> votes<\/span><\/div><div id='yasr-vv-loader-63cd53acda994' class='yasr-vv-container-loader'><\/div><\/div><div id='yasr-vv-bottom-container-63cd53acda994'\n                              class='yasr-vv-bottom-container'\n                              style='display:none'><\/div><\/div><!--End Yasr Visitor Votes Shortcode--><\/div>","protected":false},"excerpt":{"rendered":"<p>Stage et Lady styling Infos \u00e0 venir&#8230; &nbsp; Bachata est un mot d\u2019origine africaine qui a le sens de \u00abf\u00eate populaire\u00bb. On le retrouve avec ce m\u00eame sens \u00e0 Cuba <a class=\"more-link\" href=\"https:\/\/salsaperigueux.fr\/salsa\/bachata-sensual\/\">[ . . . ]<\/a><\/p>\n","protected":false},"author":1,"featured_media":0,"parent":0,"menu_order":0,"comment_status":"closed","ping_status":"closed","template":"","meta":{"yasr_overall_rating":0,"yasr_post_is_review":"","yasr_auto_insert_disabled":"","yasr_review_type":"","spay_email":"","footnotes":""},"yoast_head":"<!-- This site is optimized with the Yoast SEO plugin v17.3 - https:\/\/yoast.com\/wordpress\/plugins\/seo\/ -->\n<title>La Bachata \u00e0 P\u00e9rigueux<\/title>\n<meta name=\"description\" content=\"La Bachata \u00e0 P\u00e9rigueux: Bachata est un mot d\u2019origine africaine qui a le sens de \u00abf\u00eate populaire\u00bb. On le retrouve avec ce m\u00eame sens \u00e0 Cuba d\u00e8s les ann\u00e9es 1920\" \/>\n<meta name=\"robots\" content=\"index, follow, max-snippet:-1, max-image-preview:large, max-video-preview:-1\" \/>\n<link rel=\"canonical\" href=\"http:\/\/salsaperigueux.fr\/salsa\/bachata-sensual\/\" \/>\n<meta property=\"og:locale\" content=\"fr_FR\" \/>\n<meta property=\"og:type\" content=\"article\" \/>\n<meta property=\"og:title\" content=\"La Bachata \u00e0 P\u00e9rigueux\" \/>\n<meta property=\"og:description\" content=\"La Bachata \u00e0 P\u00e9rigueux: Bachata est un mot d\u2019origine africaine qui a le sens de \u00abf\u00eate populaire\u00bb. On le retrouve avec ce m\u00eame sens \u00e0 Cuba d\u00e8s les ann\u00e9es 1920\" \/>\n<meta property=\"og:url\" content=\"http:\/\/salsaperigueux.fr\/salsa\/bachata-sensual\/\" \/>\n<meta property=\"og:site_name\" content=\"SALSADELANTE\" \/>\n<meta property=\"article:modified_time\" content=\"2016-07-03T16:25:27+00:00\" \/>\n<meta property=\"og:image\" content=\"http:\/\/salsaperigueux.fr\/salsa\/wp-content\/uploads\/2015\/04\/bachata-212x300.jpg\" \/>\n<meta name=\"twitter:label1\" content=\"Dur\u00e9e de lecture estim\u00e9e\" \/>\n\t<meta name=\"twitter:data1\" content=\"1 minute\" \/>\n<script type=\"application\/ld+json\" class=\"yoast-schema-graph\">{\"@context\":\"https:\/\/schema.org\",\"@graph\":[{\"@type\":\"Organization\",\"@id\":\"https:\/\/salsaperigueux.fr\/salsa\/#organization\",\"name\":\"SALSADELANTE - L'association SALSA de P\\u00e9rigueux\",\"url\":\"https:\/\/salsaperigueux.fr\/salsa\/\",\"sameAs\":[],\"logo\":{\"@type\":\"ImageObject\",\"@id\":\"https:\/\/salsaperigueux.fr\/salsa\/#logo\",\"inLanguage\":\"fr-FR\",\"url\":\"https:\/\/i0.wp.com\/salsaperigueux.fr\/salsa\/wp-content\/uploads\/2015\/04\/fon-55356573v1_site_icon.png?fit=512%2C512&ssl=1\",\"contentUrl\":\"https:\/\/i0.wp.com\/salsaperigueux.fr\/salsa\/wp-content\/uploads\/2015\/04\/fon-55356573v1_site_icon.png?fit=512%2C512&ssl=1\",\"width\":512,\"height\":512,\"caption\":\"SALSADELANTE - L'association SALSA de P\\u00e9rigueux\"},\"image\":{\"@id\":\"https:\/\/salsaperigueux.fr\/salsa\/#logo\"}},{\"@type\":\"WebSite\",\"@id\":\"https:\/\/salsaperigueux.fr\/salsa\/#website\",\"url\":\"https:\/\/salsaperigueux.fr\/salsa\/\",\"name\":\"SALSADELANTE\",\"description\":\"Cours de Salsa Cubaine \\u00e0 P\\u00e9rigueux - Site officiel de l&#039;association Salsadelante\",\"publisher\":{\"@id\":\"https:\/\/salsaperigueux.fr\/salsa\/#organization\"},\"potentialAction\":[{\"@type\":\"SearchAction\",\"target\":{\"@type\":\"EntryPoint\",\"urlTemplate\":\"https:\/\/salsaperigueux.fr\/salsa\/?s={search_term_string}\"},\"query-input\":\"required name=search_term_string\"}],\"inLanguage\":\"fr-FR\"},{\"@type\":\"ImageObject\",\"@id\":\"http:\/\/salsaperigueux.fr\/salsa\/bachata-sensual\/#primaryimage\",\"inLanguage\":\"fr-FR\",\"url\":\"http:\/\/salsaperigueux.fr\/salsa\/wp-content\/uploads\/2015\/04\/bachata-212x300.jpg\",\"contentUrl\":\"http:\/\/salsaperigueux.fr\/salsa\/wp-content\/uploads\/2015\/04\/bachata-212x300.jpg\"},{\"@type\":\"WebPage\",\"@id\":\"http:\/\/salsaperigueux.fr\/salsa\/bachata-sensual\/#webpage\",\"url\":\"http:\/\/salsaperigueux.fr\/salsa\/bachata-sensual\/\",\"name\":\"La Bachata \\u00e0 P\\u00e9rigueux\",\"isPartOf\":{\"@id\":\"https:\/\/salsaperigueux.fr\/salsa\/#website\"},\"primaryImageOfPage\":{\"@id\":\"http:\/\/salsaperigueux.fr\/salsa\/bachata-sensual\/#primaryimage\"},\"datePublished\":\"2015-04-18T11:35:11+00:00\",\"dateModified\":\"2016-07-03T16:25:27+00:00\",\"description\":\"La Bachata \\u00e0 P\\u00e9rigueux: Bachata est un mot d\\u2019origine africaine qui a le sens de \\u00abf\\u00eate populaire\\u00bb. On le retrouve avec ce m\\u00eame sens \\u00e0 Cuba d\\u00e8s les ann\\u00e9es 1920\",\"breadcrumb\":{\"@id\":\"http:\/\/salsaperigueux.fr\/salsa\/bachata-sensual\/#breadcrumb\"},\"inLanguage\":\"fr-FR\",\"potentialAction\":[{\"@type\":\"ReadAction\",\"target\":[\"http:\/\/salsaperigueux.fr\/salsa\/bachata-sensual\/\"]}]},{\"@type\":\"BreadcrumbList\",\"@id\":\"http:\/\/salsaperigueux.fr\/salsa\/bachata-sensual\/#breadcrumb\",\"itemListElement\":[{\"@type\":\"ListItem\",\"position\":1,\"name\":\"Accueil\",\"item\":\"https:\/\/salsaperigueux.fr\/salsa\/\"},{\"@type\":\"ListItem\",\"position\":2,\"name\":\"La Bachata\"}]}]}<\/script>\n<!-- \/ Yoast SEO plugin. -->","yoast_head_json":{"title":"La Bachata \u00e0 P\u00e9rigueux","description":"La Bachata \u00e0 P\u00e9rigueux: Bachata est un mot d\u2019origine africaine qui a le sens de \u00abf\u00eate populaire\u00bb. On le retrouve avec ce m\u00eame sens \u00e0 Cuba d\u00e8s les ann\u00e9es 1920","robots":{"index":"index","follow":"follow","max-snippet":"max-snippet:-1","max-image-preview":"max-image-preview:large","max-video-preview":"max-video-preview:-1"},"canonical":"http:\/\/salsaperigueux.fr\/salsa\/bachata-sensual\/","og_locale":"fr_FR","og_type":"article","og_title":"La Bachata \u00e0 P\u00e9rigueux","og_description":"La Bachata \u00e0 P\u00e9rigueux: Bachata est un mot d\u2019origine africaine qui a le sens de \u00abf\u00eate populaire\u00bb. On le retrouve avec ce m\u00eame sens \u00e0 Cuba d\u00e8s les ann\u00e9es 1920","og_url":"http:\/\/salsaperigueux.fr\/salsa\/bachata-sensual\/","og_site_name":"SALSADELANTE","article_modified_time":"2016-07-03T16:25:27+00:00","og_image":[{"url":"http:\/\/salsaperigueux.fr\/salsa\/wp-content\/uploads\/2015\/04\/bachata-212x300.jpg"}],"twitter_misc":{"Dur\u00e9e de lecture estim\u00e9e":"1 minute"},"schema":{"@context":"https:\/\/schema.org","@graph":[{"@type":"Organization","@id":"https:\/\/salsaperigueux.fr\/salsa\/#organization","name":"SALSADELANTE - L'association SALSA de P\u00e9rigueux","url":"https:\/\/salsaperigueux.fr\/salsa\/","sameAs":[],"logo":{"@type":"ImageObject","@id":"https:\/\/salsaperigueux.fr\/salsa\/#logo","inLanguage":"fr-FR","url":"https:\/\/i0.wp.com\/salsaperigueux.fr\/salsa\/wp-content\/uploads\/2015\/04\/fon-55356573v1_site_icon.png?fit=512%2C512&ssl=1","contentUrl":"https:\/\/i0.wp.com\/salsaperigueux.fr\/salsa\/wp-content\/uploads\/2015\/04\/fon-55356573v1_site_icon.png?fit=512%2C512&ssl=1","width":512,"height":512,"caption":"SALSADELANTE - L'association SALSA de P\u00e9rigueux"},"image":{"@id":"https:\/\/salsaperigueux.fr\/salsa\/#logo"}},{"@type":"WebSite","@id":"https:\/\/salsaperigueux.fr\/salsa\/#website","url":"https:\/\/salsaperigueux.fr\/salsa\/","name":"SALSADELANTE","description":"Cours de Salsa Cubaine \u00e0 P\u00e9rigueux - Site officiel de l&#039;association Salsadelante","publisher":{"@id":"https:\/\/salsaperigueux.fr\/salsa\/#organization"},"potentialAction":[{"@type":"SearchAction","target":{"@type":"EntryPoint","urlTemplate":"https:\/\/salsaperigueux.fr\/salsa\/?s={search_term_string}"},"query-input":"required name=search_term_string"}],"inLanguage":"fr-FR"},{"@type":"ImageObject","@id":"http:\/\/salsaperigueux.fr\/salsa\/bachata-sensual\/#primaryimage","inLanguage":"fr-FR","url":"http:\/\/salsaperigueux.fr\/salsa\/wp-content\/uploads\/2015\/04\/bachata-212x300.jpg","contentUrl":"http:\/\/salsaperigueux.fr\/salsa\/wp-content\/uploads\/2015\/04\/bachata-212x300.jpg"},{"@type":"WebPage","@id":"http:\/\/salsaperigueux.fr\/salsa\/bachata-sensual\/#webpage","url":"http:\/\/salsaperigueux.fr\/salsa\/bachata-sensual\/","name":"La Bachata \u00e0 P\u00e9rigueux","isPartOf":{"@id":"https:\/\/salsaperigueux.fr\/salsa\/#website"},"primaryImageOfPage":{"@id":"http:\/\/salsaperigueux.fr\/salsa\/bachata-sensual\/#primaryimage"},"datePublished":"2015-04-18T11:35:11+00:00","dateModified":"2016-07-03T16:25:27+00:00","description":"La Bachata \u00e0 P\u00e9rigueux: Bachata est un mot d\u2019origine africaine qui a le sens de \u00abf\u00eate populaire\u00bb. On le retrouve avec ce m\u00eame sens \u00e0 Cuba d\u00e8s les ann\u00e9es 1920","breadcrumb":{"@id":"http:\/\/salsaperigueux.fr\/salsa\/bachata-sensual\/#breadcrumb"},"inLanguage":"fr-FR","potentialAction":[{"@type":"ReadAction","target":["http:\/\/salsaperigueux.fr\/salsa\/bachata-sensual\/"]}]},{"@type":"BreadcrumbList","@id":"http:\/\/salsaperigueux.fr\/salsa\/bachata-sensual\/#breadcrumb","itemListElement":[{"@type":"ListItem","position":1,"name":"Accueil","item":"https:\/\/salsaperigueux.fr\/salsa\/"},{"@type":"ListItem","position":2,"name":"La Bachata"}]}]}},"yasr_visitor_votes":{"stars_attributes":{"read_only":false,"span_bottom":false},"number_of_votes":12,"sum_votes":57},"jetpack_shortlink":"https:\/\/wp.me\/P6423d-d","jetpack-related-posts":[{"id":46,"url":"https:\/\/salsaperigueux.fr\/salsa\/les-stages\/","url_meta":{"origin":13,"position":0},"title":"Les stages","date":"19 avril 2015","format":false,"excerpt":"Salsadelante propose r\u00e9guli\u00e8rement des stages. Encadr\u00e9 par des professeurs de l\u2019association et de l\u2019ext\u00e9rieur. Au programme\u00a0: Salsa cubaine, Bachata, Afro cubain, son\u2026 Ces stages viennent accompagner les cours r\u00e9guliers et vous permettent d\u2019affiner votre technique. Ils permettent de vous faire avancer, de vous perfectionner dans votre apprentissage et d\u00e9velopper votre\u2026","rel":"","context":"Article similaire","img":{"alt_text":"","src":"https:\/\/i0.wp.com\/salsaperigueux.fr\/salsa\/wp-content\/uploads\/2018\/06\/cuba-nostra-17-213x300.jpg?resize=350%2C200","width":350,"height":200},"classes":[]},{"id":6,"url":"https:\/\/salsaperigueux.fr\/salsa\/accueil-salsa\/","url_meta":{"origin":13,"position":1},"title":"Accueil Salsa","date":"18 avril 2015","format":false,"excerpt":"La tourn\u00e9e de Mixael Cabrera fait escale \u00e0 P\u00e9rigueux ! \u00c0 l\u2019occasion des 15 ans de l\u2019association SalsaDelante, nous avons le plaisir d\u2019accueillir le chanteur cubain Mixael Cabrera pour une soir\u00e9e exceptionnelle. \u2728 Concert live suivi d\u2019une grande soir\u00e9e dansante pour prolonger la f\u00eate et partager ensemble toute l\u2019\u00e9nergie de\u2026","rel":"","context":"Article similaire","img":{"alt_text":"","src":"https:\/\/i2.wp.com\/salsaperigueux.fr\/salsa\/wp-content\/uploads\/2026\/03\/Concert-27-03-2026-Perigueux-212x300.jpg?resize=350%2C200&ssl=1","width":350,"height":200},"classes":[]},{"id":8,"url":"https:\/\/salsaperigueux.fr\/salsa\/lassociation-salsadelante-perigueux\/","url_meta":{"origin":13,"position":2},"title":"L&rsquo;association SALSADELANTE &#8211; P\u00e9rigueux","date":"18 avril 2015","format":false,"excerpt":"L\u2019association Salsadelante est n\u00e9e de la rencontre d'un groupe de passionn\u00e9s par la diversit\u00e9 des danses afro-carib\u00e9ennes. Le but premier de l'association est d\u2019explorer, promouvoir, populariser et enseigner les cultures cubaines, des cara\u00efbes. Pour atteindre ces objectifs, l\u2019association a pour projet d\u2019organiser des cours et stages de danse, proposer des\u2026","rel":"","context":"Article similaire","img":{"alt_text":"","src":"https:\/\/i2.wp.com\/salsaperigueux.fr\/salsa\/wp-content\/uploads\/2015\/04\/Havana-Flag-300x300.jpg?resize=350%2C200","width":350,"height":200},"classes":[]},{"id":94,"url":"https:\/\/salsaperigueux.fr\/salsa\/","url_meta":{"origin":13,"position":3},"title":"Salsa","date":"19 avril 2015","format":false,"excerpt":"La tourn\u00e9e de Mixael Cabrera fait escale \u00e0 P\u00e9rigueux ! \u00c0 l\u2019occasion des 15 ans de l\u2019association SalsaDelante, nous avons le plaisir d\u2019accueillir le chanteur cubain Mixael Cabrera pour une soir\u00e9e exceptionnelle. \u2728 Concert live suivi d\u2019une grande soir\u00e9e dansante pour prolonger la f\u00eate et partager ensemble toute l\u2019\u00e9nergie de\u2026","rel":"","context":"Article similaire","img":{"alt_text":"","src":"https:\/\/i2.wp.com\/salsaperigueux.fr\/salsa\/wp-content\/uploads\/2026\/03\/Concert-27-03-2026-Perigueux-212x300.jpg?resize=350%2C200&ssl=1","width":350,"height":200},"classes":[]},{"id":2,"url":"https:\/\/salsaperigueux.fr\/salsa\/cours-salsa-cubaine-a-perigueux\/","url_meta":{"origin":13,"position":4},"title":"Cours de Salsa Cubaine","date":"18 avril 2015","format":false,"excerpt":"Cours de Salsa Cubaine Le but est de se sentir \u00e0 l'aise pour pratiquer en soir\u00e9e, en\u00a0maitrisant les pas de base (pas Salsa, pas Rumba, pas Tumbao), car il est important de se faire rapidement plaisir, les cours sont structur\u00e9s par un programme con\u00e7u pour apprendre les d\u00e9placements (fille et\u2026","rel":"","context":"Article similaire","img":{"alt_text":"","src":"https:\/\/i2.wp.com\/salsaperigueux.fr\/salsa\/wp-content\/uploads\/2015\/04\/P1000552-300x225.jpg?resize=350%2C200","width":350,"height":200},"classes":[]},{"id":421,"url":"https:\/\/salsaperigueux.fr\/salsa\/agenda-perigord-vert\/","url_meta":{"origin":13,"position":5},"title":"Agenda en P\u00e9rigord vert et en Dordogne","date":"2 juillet 2016","format":false,"excerpt":"Agenda en Dordogne Agenda en P\u00e9rigord vert Besoin de faire une recherche sur le net si tu ne trouves pas la date esp\u00e9r\u00e9e? Voici Google, un petit nouveau chez les moteurs de recherche :)","rel":"","context":"Article similaire","img":{"alt_text":"","src":"https:\/\/i0.wp.com\/salsaperigueux.fr\/salsa\/wp-content\/uploads\/2016\/07\/perigord-le-livre.jpg?resize=350%2C200&ssl=1","width":350,"height":200},"classes":[]}],"_links":{"self":[{"href":"https:\/\/salsaperigueux.fr\/salsa\/wp-json\/wp\/v2\/pages\/13"}],"collection":[{"href":"https:\/\/salsaperigueux.fr\/salsa\/wp-json\/wp\/v2\/pages"}],"about":[{"href":"https:\/\/salsaperigueux.fr\/salsa\/wp-json\/wp\/v2\/types\/page"}],"author":[{"embeddable":true,"href":"https:\/\/salsaperigueux.fr\/salsa\/wp-json\/wp\/v2\/users\/1"}],"replies":[{"embeddable":true,"href":"https:\/\/salsaperigueux.fr\/salsa\/wp-json\/wp\/v2\/comments?post=13"}],"version-history":[{"count":0,"href":"https:\/\/salsaperigueux.fr\/salsa\/wp-json\/wp\/v2\/pages\/13\/revisions"}],"wp:attachment":[{"href":"https:\/\/salsaperigueux.fr\/salsa\/wp-json\/wp\/v2\/media?parent=13"}],"curies":[{"name":"wp","href":"https:\/\/api.w.org\/{rel}","templated":true}]}}